{"id":6,"date":"2018-01-04T21:01:57","date_gmt":"2018-01-04T21:01:57","guid":{"rendered":"http:\/\/juancarlosrevollar.com\/index.php\/contact-us\/"},"modified":"2018-01-05T22:50:50","modified_gmt":"2018-01-05T22:50:50","slug":"biografia","status":"publish","type":"page","link":"https:\/\/jcsuarez.com.pe\/index.php\/biografia\/","title":{"rendered":"La biograf\u00eda"},"content":{"rendered":"<p><em><img data-attachment-id=\"27\" data-permalink=\"https:\/\/jcsuarez.com.pe\/index.php\/biografia\/juan-carlos-colorr-copia\/\" data-orig-file=\"https:\/\/i0.wp.com\/jcsuarez.com.pe\/wp-content\/uploads\/2018\/01\/Juan-Carlos-colorr-copia.jpg?fit=1000%2C667&amp;ssl=1\" data-orig-size=\"1000,667\" data-comments-opened=\"1\" data-image-meta=\"{&quot;aperture&quot;:&quot;0&quot;,&quot;credit&quot;:&quot;&quot;,&quot;camera&quot;:&quot;&quot;,&quot;caption&quot;:&quot;&quot;,&quot;created_timestamp&quot;:&quot;0&quot;,&quot;copyright&quot;:&quot;&quot;,&quot;focal_length&quot;:&quot;0&quot;,&quot;iso&quot;:&quot;0&quot;,&quot;shutter_speed&quot;:&quot;0&quot;,&quot;title&quot;:&quot;&quot;,&quot;orientation&quot;:&quot;0&quot;}\" data-image-title=\"Juan Carlos Su\u00e1rez Revollar (Foto: Marco Miranda Z\u00fa\u00f1iga)\" data-image-description=\"\" data-image-caption=\"\" data-medium-file=\"https:\/\/i0.wp.com\/jcsuarez.com.pe\/wp-content\/uploads\/2018\/01\/Juan-Carlos-colorr-copia.jpg?fit=300%2C200&amp;ssl=1\" data-large-file=\"https:\/\/i0.wp.com\/jcsuarez.com.pe\/wp-content\/uploads\/2018\/01\/Juan-Carlos-colorr-copia.jpg?fit=525%2C350&amp;ssl=1\" loading=\"lazy\" class=\"aligncenter wp-image-27 size-full\" src=\"https:\/\/i0.wp.com\/juancarlosrevollar.com\/wp-content\/uploads\/2018\/01\/Juan-Carlos-colorr-copia.jpg?resize=525%2C350\" alt=\"\" width=\"525\" height=\"350\" srcset=\"https:\/\/i0.wp.com\/jcsuarez.com.pe\/wp-content\/uploads\/2018\/01\/Juan-Carlos-colorr-copia.jpg?w=1000&amp;ssl=1 1000w, https:\/\/i0.wp.com\/jcsuarez.com.pe\/wp-content\/uploads\/2018\/01\/Juan-Carlos-colorr-copia.jpg?resize=300%2C200&amp;ssl=1 300w, https:\/\/i0.wp.com\/jcsuarez.com.pe\/wp-content\/uploads\/2018\/01\/Juan-Carlos-colorr-copia.jpg?resize=768%2C512&amp;ssl=1 768w\" sizes=\"(max-width: 767px) 89vw, (max-width: 1000px) 54vw, (max-width: 1071px) 543px, 580px\" data-recalc-dims=\"1\" \/><\/em><\/p>\n<p><em>Juan Carlos Su\u00e1rez Revollar<\/em> (Huancayo, Per\u00fa, 1982) es narrador, editor, cronista y columnista de opini\u00f3n. Su obra literaria abarca la novela, el cuento y la cr\u00f3nica period\u00edstica. Estos dos \u00faltimos g\u00e9neros le han valido diversos reconocimientos, como los del Premio de Cuento \u00abVivencias de mi Tierra\u00bb y el \u00abPremio Felizh\u00bb de cuento.<\/p>\n<p>Relatos, cr\u00f3nicas y ensayos suyos han sido incluidos en diversas antolog\u00edas peruanas y extranjeras sobre narrativa y cr\u00edtica literaria.<\/p>\n<p>Adem\u00e1s se ha desempe\u00f1ado como gestor cultural y, a trav\u00e9s de <a href=\"http:\/\/www.acervaediciones.com\">Acerva Ediciones<\/a> \u2014sello del que es fundador\u2014, como promotor de la lectura y escritura entre j\u00f3venes y adultos.<\/p>\n<p>En su trayectoria como editor se cuentan m\u00e1s de cien libros de distintos autores publicados dentro y fuera del Per\u00fa. <em>Cautivos de mar y tierra<\/em> (2017) es su primera novela.<\/p>\n<p>&nbsp;<\/p>\n","protected":false},"excerpt":{"rendered":"<p>Juan Carlos Su\u00e1rez Revollar (Huancayo, Per\u00fa, 1982) es narrador, editor, cronista y columnista de opini\u00f3n. Su obra literaria abarca la novela, el cuento y la cr\u00f3nica period\u00edstica. Estos dos \u00faltimos g\u00e9neros le han valido diversos reconocimientos, como los del Premio de Cuento \u00abVivencias de mi Tierra\u00bb y el \u00abPremio Felizh\u00bb de cuento. Relatos, cr\u00f3nicas y &hellip; <\/p>\n<p class=\"link-more\"><a href=\"https:\/\/jcsuarez.com.pe\/index.php\/biografia\/\" class=\"more-link\">Continue reading<span class=\"screen-reader-text\"> \u00abLa biograf\u00eda\u00bb<\/span><\/a><\/p>\n","protected":false},"author":1,"featured_media":0,"parent":0,"menu_order":0,"comment_status":"closed","ping_status":"closed","template":"","meta":{"om_disable_all_campaigns":false,"_monsterinsights_skip_tracking":false,"_monsterinsights_sitenote_active":false,"_monsterinsights_sitenote_note":"","_monsterinsights_sitenote_category":0},"jetpack_sharing_enabled":true,"jetpack_shortlink":"https:\/\/wp.me\/P9wSwf-6","jetpack_likes_enabled":true,"jetpack-related-posts":[{"id":59,"url":"https:\/\/jcsuarez.com.pe\/index.php\/entrevistas\/","url_meta":{"origin":6,"position":0},"title":"Entrevistas al autor","date":"enero 5, 2018","format":false,"excerpt":"Entrevistas a Juan Carlos Su\u00e1rez Revollar Aqu\u00ed se ha reunido la mayor parte de entrevistas que el autor ha concedido a diversos medios escritos. \u00a0 \u00abLas lecturas se est\u00e1n haciendo m\u00e1s ligeras\u00bb Luego de leer El Quijote, Juan Carlos Su\u00e1rez Revollar supo que la literatura era lo suyo. Lector voraz,\u2026","rel":"","context":"Entrada similar","img":{"alt_text":"","src":"","width":0,"height":0},"classes":[]},{"id":54,"url":"https:\/\/jcsuarez.com.pe\/index.php\/obra-literaria\/","url_meta":{"origin":6,"position":1},"title":"Obra literaria","date":"enero 5, 2018","format":false,"excerpt":"Cautivos de mar y tierra (novela, 2017) A inicios de la Primera Guerra Mundial, un joven alem\u00e1n de ascendencia peruana naufraga en su viaje tras los huesos de su padre. Ah\u00ed conocer\u00e1 a Mat\u00edas Serna, un muchacho al que el destino llev\u00f3 a vivir condiciones de esclavitud. Juntos se adentrar\u00e1n\u2026","rel":"","context":"Entrada similar","img":{"alt_text":"","src":"","width":0,"height":0},"classes":[]},{"id":71,"url":"https:\/\/jcsuarez.com.pe\/index.php\/cronicas-y-reportajes\/","url_meta":{"origin":6,"position":2},"title":"Las cr\u00f3nicas","date":"enero 5, 2018","format":false,"excerpt":"Cr\u00f3nicas de Juan Carlos Su\u00e1rez Revollar (Las cr\u00f3nicas del autor abordan temas diversos. Se han ordenado por fecha de publicaci\u00f3n). El escarabajo de Volkswagen en Huancayo \u00abPor donde sea que vayamos haznos llegar bien\u00bb, susurra Jos\u00e9 en la soledad de su taller. Pero no est\u00e1 exactamente solo. Junto a \u00e9l\u2026","rel":"","context":"Entrada similar","img":{"alt_text":"","src":"","width":0,"height":0},"classes":[]},{"id":61,"url":"https:\/\/jcsuarez.com.pe\/index.php\/articulos-sobre-su-obra\/","url_meta":{"origin":6,"position":3},"title":"Art\u00edculos sobre el autor y su obra","date":"enero 5, 2018","format":false,"excerpt":"Art\u00edculos sobre el autor y su obra En este apartado se encuentra la mayor parte de art\u00edculos aparecidos en diversos medios sobre Juan Carlos Su\u00e1rez Revollar. Memoria 2017: recuento literario (por: Gabriel Ruiz Ortega) Juan Carlos Su\u00e1rez Revollar nos entreg\u00f3 una inquietante y divertida novela: Cautivos de mar y tierra.\u2026","rel":"","context":"Entrada similar","img":{"alt_text":"","src":"","width":0,"height":0},"classes":[]},{"id":49,"url":"https:\/\/jcsuarez.com.pe\/index.php\/obraliteraria\/","url_meta":{"origin":6,"position":4},"title":"Obra literaria","date":"enero 5, 2018","format":false,"excerpt":"Cautivos de mar y tierra (novela, 2017) A inicios de la Primera Guerra Mundial, un joven alem\u00e1n de ascendencia peruana naufraga en su viaje tras los huesos de su padre. Ah\u00ed conocer\u00e1 a Mat\u00edas Serna, un muchacho al que el destino llev\u00f3 a vivir condiciones de esclavitud. Juntos se adentrar\u00e1n\u2026","rel":"","context":"Entrada similar","img":{"alt_text":"","src":"","width":0,"height":0},"classes":[]},{"id":75,"url":"https:\/\/jcsuarez.com.pe\/index.php\/critica-literaria\/","url_meta":{"origin":6,"position":5},"title":"Cr\u00edtica literaria","date":"enero 5, 2018","format":false,"excerpt":"Los art\u00edculos sobre literatura (Los art\u00edculos siguientes fueron publicados por Juan Carlos Su\u00e1rez Revollar en distintos medios. Se han ordenado por fecha de publicaci\u00f3n). \u00a0 Stieg Larsson, \u00abMillenium\u00bb: \"El reino de los malditos\" Una mirada r\u00e1pida a las tres partes de la trilog\u00eda Millennium parecer\u00eda mostrar que los personajes son\u2026","rel":"","context":"Entrada similar","img":{"alt_text":"","src":"","width":0,"height":0},"classes":[]}],"_links":{"self":[{"href":"https:\/\/jcsuarez.com.pe\/index.php\/wp-json\/wp\/v2\/pages\/6"}],"collection":[{"href":"https:\/\/jcsuarez.com.pe\/index.php\/wp-json\/wp\/v2\/pages"}],"about":[{"href":"https:\/\/jcsuarez.com.pe\/index.php\/wp-json\/wp\/v2\/types\/page"}],"author":[{"embeddable":true,"href":"https:\/\/jcsuarez.com.pe\/index.php\/wp-json\/wp\/v2\/users\/1"}],"replies":[{"embeddable":true,"href":"https:\/\/jcsuarez.com.pe\/index.php\/wp-json\/wp\/v2\/comments?post=6"}],"version-history":[{"count":8,"href":"https:\/\/jcsuarez.com.pe\/index.php\/wp-json\/wp\/v2\/pages\/6\/revisions"}],"predecessor-version":[{"id":238,"href":"https:\/\/jcsuarez.com.pe\/index.php\/wp-json\/wp\/v2\/pages\/6\/revisions\/238"}],"wp:attachment":[{"href":"https:\/\/jcsuarez.com.pe\/index.php\/wp-json\/wp\/v2\/media?parent=6"}],"curies":[{"name":"wp","href":"https:\/\/api.w.org\/{rel}","templated":true}]}}