{"id":67,"date":"2018-01-05T00:42:11","date_gmt":"2018-01-05T00:42:11","guid":{"rendered":"http:\/\/juancarlosrevollar.com\/?page_id=67"},"modified":"2018-05-02T08:50:50","modified_gmt":"2018-05-02T08:50:50","slug":"paisajes","status":"publish","type":"page","link":"https:\/\/jcsuarez.com.pe\/index.php\/paisajes\/","title":{"rendered":"Paisajes"},"content":{"rendered":"<h1>Paisajes peruanos<\/h1>\n<p>Las fotograf\u00edas siguientes, tomadas por Juan Carlos Su\u00e1rez Revollar, pertenecen a la serie <em>Paisajes del Per\u00fa<\/em>.<\/p>\n<p>&nbsp;<\/p>\n<p><a href=\"http:\/\/jcsuarez.com.pe\/index.php\/2018\/02\/01\/obra-fotografica-puestas-de-sol-en-la-sierra-peruana\/\"><strong>Puestas de sol en la sierra peruana<\/strong><\/a><br \/>\nEs el azul del cielo lo caracter\u00edstico en la sierra peruana. Pero tambi\u00e9n la acumulaci\u00f3n de nubes de distintas clases con tanta consistencia que parecen f\u00e1ciles de palpar. Por esa raz\u00f3n una puesta de sol tomada en esta \u00e1rea geogr\u00e1fica tiene esa magia&#8230;<\/p>\n<p><a href=\"http:\/\/jcsuarez.com.pe\/index.php\/2018\/02\/01\/obra-fotografica-bosque-de-piedras-de-viuda-lumi\/\"><strong>Bosque de piedras de Viuda Lumi<\/strong><\/a><br \/>\nEl bosque de piedras de Viuda Lumi se ubica en el distrito de Pucar\u00e1, a unos 25 km de la ciudad de Huancayo (Jun\u00edn, Per\u00fa), y muy cerca de la frontera con el distrito de Pazos (Huancavelica, Per\u00fa). Se encuentra a 4200 m s.n.m&#8230;<\/p>\n<p><a href=\"http:\/\/jcsuarez.com.pe\/index.php\/2018\/02\/01\/obra-fotografica-el-camino-a-salcahuasi\/\"><strong>El camino a Salcahuasi<\/strong><\/a><br \/>\nPara llegar al distrito de Salcahuasi, ubicado en Tayacaja (Huancavelica, Per\u00fa) se debe partir de Huancayo (Jun\u00edn, Per\u00fa) y recorrer unos 85 km al nororiente. Toda esta zona pertenece al Valle de los R\u00edos Apur\u00edmac, Ene y Mantaro (VRAEM)&#8230;<\/p>\n<p><a href=\"http:\/\/jcsuarez.com.pe\/index.php\/2018\/02\/01\/obra-fotografica-humedal-de-santiago-leon-de-chongos\/\"><strong>Humedal de Santiago Le\u00f3n de Chongos<\/strong><\/a><br \/>\nA apenas treinta minutos de Huancayo se ubica el distrito de Santiago Le\u00f3n de Chongos \u2014o Chongos Bajo\u2014, lugar donde podemos encontrar varios humedales todav\u00eda ilesos ante la actividad humana. En \u00e9pocas de migraci\u00f3n albergan a miles de aves&#8230;<\/p>\n","protected":false},"excerpt":{"rendered":"<p>Paisajes peruanos Las fotograf\u00edas siguientes, tomadas por Juan Carlos Su\u00e1rez Revollar, pertenecen a la serie Paisajes del Per\u00fa. &nbsp; Puestas de sol en la sierra peruana Es el azul del cielo lo caracter\u00edstico en la sierra peruana. Pero tambi\u00e9n la acumulaci\u00f3n de nubes de distintas clases con tanta consistencia que parecen f\u00e1ciles de palpar. Por &hellip; <\/p>\n<p class=\"link-more\"><a href=\"https:\/\/jcsuarez.com.pe\/index.php\/paisajes\/\" class=\"more-link\">Continue reading<span class=\"screen-reader-text\"> \u00abPaisajes\u00bb<\/span><\/a><\/p>\n","protected":false},"author":1,"featured_media":0,"parent":0,"menu_order":0,"comment_status":"closed","ping_status":"closed","template":"","meta":{"om_disable_all_campaigns":false,"_monsterinsights_skip_tracking":false,"_monsterinsights_sitenote_active":false,"_monsterinsights_sitenote_note":"","_monsterinsights_sitenote_category":0},"jetpack_sharing_enabled":true,"jetpack_shortlink":"https:\/\/wp.me\/P9wSwf-15","jetpack_likes_enabled":true,"jetpack-related-posts":[{"id":6,"url":"https:\/\/jcsuarez.com.pe\/index.php\/biografia\/","url_meta":{"origin":67,"position":0},"title":"La biograf\u00eda","date":"enero 4, 2018","format":false,"excerpt":"Juan Carlos Su\u00e1rez Revollar (Huancayo, Per\u00fa, 1982) es narrador, editor, cronista y columnista de opini\u00f3n. Su obra literaria abarca la novela, el cuento y la cr\u00f3nica period\u00edstica. Estos dos \u00faltimos g\u00e9neros le han valido diversos reconocimientos, como los del Premio de Cuento \u00abVivencias de mi Tierra\u00bb y el \u00abPremio Felizh\u00bb\u2026","rel":"","context":"Entrada similar","img":{"alt_text":"","src":"https:\/\/i0.wp.com\/juancarlosrevollar.com\/wp-content\/uploads\/2018\/01\/Juan-Carlos-colorr-copia.jpg?resize=350%2C200","width":350,"height":200},"classes":[]},{"id":71,"url":"https:\/\/jcsuarez.com.pe\/index.php\/cronicas-y-reportajes\/","url_meta":{"origin":67,"position":1},"title":"Las cr\u00f3nicas","date":"enero 5, 2018","format":false,"excerpt":"Cr\u00f3nicas de Juan Carlos Su\u00e1rez Revollar (Las cr\u00f3nicas del autor abordan temas diversos. Se han ordenado por fecha de publicaci\u00f3n). El escarabajo de Volkswagen en Huancayo \u00abPor donde sea que vayamos haznos llegar bien\u00bb, susurra Jos\u00e9 en la soledad de su taller. Pero no est\u00e1 exactamente solo. Junto a \u00e9l\u2026","rel":"","context":"Entrada similar","img":{"alt_text":"","src":"","width":0,"height":0},"classes":[]},{"id":65,"url":"https:\/\/jcsuarez.com.pe\/index.php\/fotorreportajes\/","url_meta":{"origin":67,"position":2},"title":"Fotorreportajes","date":"enero 5, 2018","format":false,"excerpt":"Fotorreportajes de Juan Carlos Su\u00e1rez Revollar Publicados en distintos medios a partir de 2017. (Los fotorreportajes est\u00e1n ordenados por fecha de publicaci\u00f3n. Los textos y fotograf\u00edas son del autor). \u00a0 Colegio Santa Isabel: \u00faltimos d\u00edas de cielo gris Cinco a\u00f1os han pasado para el colegio Santa Isabel desde la mudanza\u2026","rel":"","context":"Entrada similar","img":{"alt_text":"","src":"","width":0,"height":0},"classes":[]},{"id":49,"url":"https:\/\/jcsuarez.com.pe\/index.php\/obraliteraria\/","url_meta":{"origin":67,"position":3},"title":"Obra literaria","date":"enero 5, 2018","format":false,"excerpt":"Cautivos de mar y tierra (novela, 2017) A inicios de la Primera Guerra Mundial, un joven alem\u00e1n de ascendencia peruana naufraga en su viaje tras los huesos de su padre. Ah\u00ed conocer\u00e1 a Mat\u00edas Serna, un muchacho al que el destino llev\u00f3 a vivir condiciones de esclavitud. Juntos se adentrar\u00e1n\u2026","rel":"","context":"Entrada similar","img":{"alt_text":"","src":"","width":0,"height":0},"classes":[]},{"id":39,"url":"https:\/\/jcsuarez.com.pe\/index.php\/photographic-opus\/","url_meta":{"origin":67,"position":4},"title":"Obra fotogr\u00e1fica","date":"enero 5, 2018","format":false,"excerpt":"En este apartado podr\u00e1s acceder a los trabajos de fotograf\u00eda realizados por el autor. Se clasifican en los siguientes grupos: Fotorreportajes Paisajes Fotograf\u00eda urbana (pr\u00f3ximamente)","rel":"","context":"Entrada similar","img":{"alt_text":"","src":"","width":0,"height":0},"classes":[]},{"id":54,"url":"https:\/\/jcsuarez.com.pe\/index.php\/obra-literaria\/","url_meta":{"origin":67,"position":5},"title":"Obra literaria","date":"enero 5, 2018","format":false,"excerpt":"Cautivos de mar y tierra (novela, 2017) A inicios de la Primera Guerra Mundial, un joven alem\u00e1n de ascendencia peruana naufraga en su viaje tras los huesos de su padre. Ah\u00ed conocer\u00e1 a Mat\u00edas Serna, un muchacho al que el destino llev\u00f3 a vivir condiciones de esclavitud. Juntos se adentrar\u00e1n\u2026","rel":"","context":"Entrada similar","img":{"alt_text":"","src":"","width":0,"height":0},"classes":[]}],"_links":{"self":[{"href":"https:\/\/jcsuarez.com.pe\/index.php\/wp-json\/wp\/v2\/pages\/67"}],"collection":[{"href":"https:\/\/jcsuarez.com.pe\/index.php\/wp-json\/wp\/v2\/pages"}],"about":[{"href":"https:\/\/jcsuarez.com.pe\/index.php\/wp-json\/wp\/v2\/types\/page"}],"author":[{"embeddable":true,"href":"https:\/\/jcsuarez.com.pe\/index.php\/wp-json\/wp\/v2\/users\/1"}],"replies":[{"embeddable":true,"href":"https:\/\/jcsuarez.com.pe\/index.php\/wp-json\/wp\/v2\/comments?post=67"}],"version-history":[{"count":8,"href":"https:\/\/jcsuarez.com.pe\/index.php\/wp-json\/wp\/v2\/pages\/67\/revisions"}],"predecessor-version":[{"id":620,"href":"https:\/\/jcsuarez.com.pe\/index.php\/wp-json\/wp\/v2\/pages\/67\/revisions\/620"}],"wp:attachment":[{"href":"https:\/\/jcsuarez.com.pe\/index.php\/wp-json\/wp\/v2\/media?parent=67"}],"curies":[{"name":"wp","href":"https:\/\/api.w.org\/{rel}","templated":true}]}}